{"id":317,"date":"2023-08-25T16:32:32","date_gmt":"2023-08-25T19:32:32","guid":{"rendered":"https:\/\/lorini.com.br\/?page_id=317"},"modified":"2023-11-13T16:01:11","modified_gmt":"2023-11-13T19:01:11","slug":"quem-somos","status":"publish","type":"page","link":"https:\/\/lorini.com.br\/index.php\/quem-somos\/","title":{"rendered":"Quem somos"},"content":{"rendered":"\t\t<div data-elementor-type=\"wp-page\" data-elementor-id=\"317\" class=\"elementor elementor-317\">\n\t\t\t\t\t\t<section class=\"elementor-section elementor-top-section elementor-element elementor-element-4bc2b98 elementor-section-boxed elementor-section-height-default elementor-section-height-default wpr-particle-no wpr-jarallax-no wpr-parallax-no wpr-sticky-section-no wpr-equal-height-no\" data-id=\"4bc2b98\" data-element_type=\"section\" data-e-type=\"section\">\n\t\t\t\t\t\t<div class=\"elementor-container elementor-column-gap-default\">\n\t\t\t\t\t<div class=\"elementor-column elementor-col-100 elementor-top-column elementor-element elementor-element-cd4a45d\" data-id=\"cd4a45d\" data-element_type=\"column\" data-e-type=\"column\">\n\t\t\t<div class=\"elementor-widget-wrap elementor-element-populated\">\n\t\t\t\t\t\t<div class=\"elementor-element elementor-element-27094e8 elementor-widget elementor-widget-heading\" data-id=\"27094e8\" data-element_type=\"widget\" data-e-type=\"widget\" data-widget_type=\"heading.default\">\n\t\t\t\t<div class=\"elementor-widget-container\">\n\t\t\t\t\t<h2 class=\"elementor-heading-title elementor-size-default\">Quem somos<\/h2>\t\t\t\t<\/div>\n\t\t\t\t<\/div>\n\t\t\t\t<div class=\"elementor-element elementor-element-4be6b9b elementor-widget elementor-widget-text-editor\" data-id=\"4be6b9b\" data-element_type=\"widget\" data-e-type=\"widget\" data-widget_type=\"text-editor.default\">\n\t\t\t\t<div class=\"elementor-widget-container\">\n\t\t\t\t\t\t\t\t\t<p>A Lorini Engenharia apresenta uma trajet\u00f3ria de mais de 40 anos dedicados \u00e0 \u00e1rea de telecomunica\u00e7\u00f5es, principalmente aos assuntos relacionados \u00e0 radiodifus\u00e3o sonora (r\u00e1dio) e de sons e imagens (televis\u00e3o). Estabelecida no in\u00edcio dos anos 1980, a empresa conta com o expertise de seu fundador, Cl\u00e1udio Lorini, engenheiro eletricista (CREA 51.369-D\/RS) e advogado (OAB 46.249\/RS), al\u00e9m de uma equipe preparada para prestar servi\u00e7os do mais alto padr\u00e3o.<\/p>\n<p>As primeiras experi\u00eancias de Lorini na radiodifus\u00e3o se deram no segmento de sons e imagens, ainda na R\u00e1dio e TV Ga\u00facha, a precursora da RBS TV, onde trabalhou no departamento de projetos t\u00e9cnicos e medi\u00e7\u00f5es de campo, para os estados do Rio Grande do Sul, Santa Catarina e Bras\u00edlia. Outras experi\u00eancias profissionais de Lorini se deram na \u00e1rea de engenharia industrial, nas empresas Stemac e Indelsul \u2013 Ind\u00fastrias de Telecomunica\u00e7\u00f5es, fornecedora do sistema Telebras. Na \u00e1rea acad\u00eamica, realizou especializa\u00e7\u00f5es em Telecomunica\u00e7\u00f5es e Redes de Informa\u00e7\u00e3o e em Direito das Telecomunica\u00e7\u00f5es, ambas pela PUCRS.<\/p>\n<p>No in\u00edcio, a Lorini Engenharia concentrava o seu foco no r\u00e1dio AM (amplitude modulada), ainda no sistema anal\u00f3gico, que predominou por um bom tempo. Na sequ\u00eancia, vieram os projetos para FM (frequ\u00eancia modulada), a nova modalidade de transmiss\u00e3o radiof\u00f4nica, que ganhou for\u00e7a no Brasil em meados dos anos 1970. Atualmente, quando o r\u00e1dio completa 100 anos, \u00e9 o sistema digital que domina o mercado e o movimento migrat\u00f3rio das emissoras de AM para o FM.<\/p>\n<p>Com sede no cora\u00e7\u00e3o do bairro Moinhos de Vento, em Porto Alegre, no Rio Grande do Sul, a Lorini Engenharia j\u00e1 contabiliza mais de 300 clientes atendidos, em todo o Brasil. O seu foco est\u00e1 na Regi\u00e3o Sul, onde viabilizou mais de uma centena de emissoras de r\u00e1dio AM e FM, nos estados do Rio Grande do Sul, Santa Catarina e Paran\u00e1. Seguindo o seu lema \u201cDa ideia \u00e0 licen\u00e7a de funcionamento permanente\u201d, se prop\u00f5e a auxiliar o cliente em todas as etapas necess\u00e1rias para colocar uma emissora de r\u00e1dio no ar \u2013 e seguir acompanhando o seu funcionamento, permanentemente.<\/p>\n<p>Atrav\u00e9s da Loriservice \u2013 Radiodifus\u00e3o e Telecomunica\u00e7\u00f5es, o seu bra\u00e7o operacional, oferece servi\u00e7os de consultoria, engenharia e assessoria jur\u00eddica. O portf\u00f3lio \u00e9 abrangente, contemplando desde o cliente que ainda n\u00e3o tem um canal de r\u00e1dio e quer saber os caminhos para obter uma outorga, at\u00e9 o propriet\u00e1rio de uma emissora j\u00e1 estabelecida, que deseja promover melhorias no sinal emitido.<\/p>\n<p>Na engenharia, destacam-se os servi\u00e7os de viabilidade para um novo canal, projetos de instala\u00e7\u00e3o e utiliza\u00e7\u00e3o de equipamentos, laudos de vistoria, medi\u00e7\u00e3o de par\u00e2metros t\u00e9cnicos e pedidos de licenciamento de uma esta\u00e7\u00e3o, at\u00e9 colocar o r\u00e1dio no ar. Para os canais j\u00e1 existentes, os servi\u00e7os podem envolver um aumento de pot\u00eancia ou a migra\u00e7\u00e3o do AM para o FM, al\u00e9m do estabelecimento de um contrato de responsabilidade t\u00e9cnica cont\u00ednua, junto aos \u00f3rg\u00e3os oficiais. Esse \u00faltimo, uma exig\u00eancia do Minist\u00e9rio das Comunica\u00e7\u00f5es, atrav\u00e9s da Portaria n\u00ba. 160, de 24 de junho de 1987.<\/p>\n<p>No campo jur\u00eddico, oferece assessoria com toda a documenta\u00e7\u00e3o necess\u00e1ria para o funcionamento de uma emissora de r\u00e1dio, envolvendo desde a constitui\u00e7\u00e3o da empresa, participa\u00e7\u00e3o em editais de outorga e demais aspectos legais junto aos \u00f3rg\u00e3os fiscalizadores, entre outros servi\u00e7os.<\/p>\t\t\t\t\t\t\t\t<\/div>\n\t\t\t\t<\/div>\n\t\t\t\t\t<\/div>\n\t\t<\/div>\n\t\t\t\t\t<\/div>\n\t\t<\/section>\n\t\t\t\t<\/div>\n\t\t","protected":false},"excerpt":{"rendered":"<p>Quem somos A Lorini Engenharia apresenta uma trajet\u00f3ria de mais de 40 anos dedicados \u00e0 \u00e1rea de telecomunica\u00e7\u00f5es, principalmente aos assuntos relacionados \u00e0 radiodifus\u00e3o sonora (r\u00e1dio) e de sons e imagens (televis\u00e3o). Estabelecida no in\u00edcio dos anos 1980, a empresa conta com o expertise de seu fundador, Cl\u00e1udio Lorini, engenheiro eletricista (CREA 51.369-D\/RS) e advogado (OAB 46.249\/RS), al\u00e9m de uma equipe preparada para prestar servi\u00e7os do mais alto padr\u00e3o. As primeiras experi\u00eancias de Lorini na radiodifus\u00e3o se deram no segmento de sons e imagens, ainda na R\u00e1dio e TV Ga\u00facha, a precursora da RBS TV, onde trabalhou no departamento de projetos t\u00e9cnicos e medi\u00e7\u00f5es de campo, para os estados do Rio Grande do Sul, Santa Catarina e Bras\u00edlia. Outras experi\u00eancias profissionais de Lorini se deram na \u00e1rea de engenharia industrial, nas empresas Stemac e Indelsul \u2013 Ind\u00fastrias de Telecomunica\u00e7\u00f5es, fornecedora do sistema Telebras. Na \u00e1rea acad\u00eamica, realizou especializa\u00e7\u00f5es em Telecomunica\u00e7\u00f5es e Redes de Informa\u00e7\u00e3o e em Direito das Telecomunica\u00e7\u00f5es, ambas pela PUCRS. No in\u00edcio, a Lorini Engenharia concentrava o seu foco no r\u00e1dio AM (amplitude modulada), ainda no sistema anal\u00f3gico, que predominou por um bom tempo. Na sequ\u00eancia, vieram os projetos para FM (frequ\u00eancia modulada), a nova modalidade de transmiss\u00e3o radiof\u00f4nica, que ganhou for\u00e7a no Brasil em meados dos anos 1970. Atualmente, quando o r\u00e1dio completa 100 anos, \u00e9 o sistema digital que domina o mercado e o movimento migrat\u00f3rio das emissoras de AM para o FM. Com sede no cora\u00e7\u00e3o do bairro Moinhos de Vento, em Porto Alegre, no Rio Grande do Sul, a Lorini Engenharia j\u00e1 contabiliza mais de 300 clientes atendidos, em todo o Brasil. O seu foco est\u00e1 na Regi\u00e3o Sul, onde viabilizou mais de uma centena de emissoras de r\u00e1dio AM e FM, nos estados do Rio Grande do Sul, Santa Catarina e Paran\u00e1. Seguindo o seu lema \u201cDa ideia \u00e0 licen\u00e7a de funcionamento permanente\u201d, se prop\u00f5e a auxiliar o cliente em todas as etapas necess\u00e1rias para colocar uma emissora de r\u00e1dio no ar \u2013 e seguir acompanhando o seu funcionamento, permanentemente. Atrav\u00e9s da Loriservice \u2013 Radiodifus\u00e3o e Telecomunica\u00e7\u00f5es, o seu bra\u00e7o operacional, oferece servi\u00e7os de consultoria, engenharia e assessoria jur\u00eddica. O portf\u00f3lio \u00e9 abrangente, contemplando desde o cliente que ainda n\u00e3o tem um canal de r\u00e1dio e quer saber os caminhos para obter uma outorga, at\u00e9 o propriet\u00e1rio de uma emissora j\u00e1 estabelecida, que deseja promover melhorias no sinal emitido. Na engenharia, destacam-se os servi\u00e7os de viabilidade para um novo canal, projetos de instala\u00e7\u00e3o e utiliza\u00e7\u00e3o de equipamentos, laudos de vistoria, medi\u00e7\u00e3o de par\u00e2metros t\u00e9cnicos e pedidos de licenciamento de uma esta\u00e7\u00e3o, at\u00e9 colocar o r\u00e1dio no ar. Para os canais j\u00e1 existentes, os servi\u00e7os podem envolver um aumento de pot\u00eancia ou a migra\u00e7\u00e3o do AM para o FM, al\u00e9m do estabelecimento de um contrato de responsabilidade t\u00e9cnica cont\u00ednua, junto aos \u00f3rg\u00e3os oficiais. Esse \u00faltimo, uma exig\u00eancia do Minist\u00e9rio das Comunica\u00e7\u00f5es, atrav\u00e9s da Portaria n\u00ba. 160, de 24 de junho de 1987. No campo jur\u00eddico, oferece assessoria com toda a documenta\u00e7\u00e3o necess\u00e1ria para o funcionamento de uma emissora de r\u00e1dio, envolvendo desde a constitui\u00e7\u00e3o da empresa, participa\u00e7\u00e3o em editais de outorga e demais aspectos legais junto aos \u00f3rg\u00e3os fiscalizadores, entre outros servi\u00e7os.<\/p>\n","protected":false},"author":1,"featured_media":0,"parent":0,"menu_order":0,"comment_status":"closed","ping_status":"closed","template":"","meta":{"site-sidebar-layout":"no-sidebar","site-content-layout":"page-builder","ast-site-content-layout":"default","site-content-style":"default","site-sidebar-style":"default","ast-global-header-display":"","ast-banner-title-visibility":"","ast-main-header-display":"","ast-hfb-above-header-display":"","ast-hfb-below-header-display":"","ast-hfb-mobile-header-display":"","site-post-title":"disabled","ast-breadcrumbs-content":"","ast-featured-img":"disabled","footer-sml-layout":"","ast-disable-related-posts":"","theme-transparent-header-meta":"","adv-header-id-meta":"","stick-header-meta":"","header-above-stick-meta":"","header-main-stick-meta":"","header-below-stick-meta":"","astra-migrate-meta-layouts":"default","ast-page-background-enabled":"default","ast-page-background-meta":{"desktop":{"background-color":"var(--ast-global-color-4)","background-image":"","background-repeat":"repeat","background-position":"center center","background-size":"auto","background-attachment":"scroll","background-type":"","background-media":"","overlay-type":"","overlay-color":"","overlay-opacity":"","overlay-gradient":""},"tablet":{"background-color":"","background-image":"","background-repeat":"repeat","background-position":"center center","background-size":"auto","background-attachment":"scroll","background-type":"","background-media":"","overlay-type":"","overlay-color":"","overlay-opacity":"","overlay-gradient":""},"mobile":{"background-color":"","background-image":"","background-repeat":"repeat","background-position":"center center","background-size":"auto","background-attachment":"scroll","background-type":"","background-media":"","overlay-type":"","overlay-color":"","overlay-opacity":"","overlay-gradient":""}},"ast-content-background-meta":{"desktop":{"background-color":"var(--ast-global-color-5)","background-image":"","background-repeat":"repeat","background-position":"center center","background-size":"auto","background-attachment":"scroll","background-type":"","background-media":"","overlay-type":"","overlay-color":"","overlay-opacity":"","overlay-gradient":""},"tablet":{"background-color":"var(--ast-global-color-5)","background-image":"","background-repeat":"repeat","background-position":"center center","background-size":"auto","background-attachment":"scroll","background-type":"","background-media":"","overlay-type":"","overlay-color":"","overlay-opacity":"","overlay-gradient":""},"mobile":{"background-color":"var(--ast-global-color-5)","background-image":"","background-repeat":"repeat","background-position":"center center","background-size":"auto","background-attachment":"scroll","background-type":"","background-media":"","overlay-type":"","overlay-color":"","overlay-opacity":"","overlay-gradient":""}},"footnotes":""},"class_list":["post-317","page","type-page","status-publish","hentry"],"_links":{"self":[{"href":"https:\/\/lorini.com.br\/index.php\/wp-json\/wp\/v2\/pages\/317","targetHints":{"allow":["GET"]}}],"collection":[{"href":"https:\/\/lorini.com.br\/index.php\/wp-json\/wp\/v2\/pages"}],"about":[{"href":"https:\/\/lorini.com.br\/index.php\/wp-json\/wp\/v2\/types\/page"}],"author":[{"embeddable":true,"href":"https:\/\/lorini.com.br\/index.php\/wp-json\/wp\/v2\/users\/1"}],"replies":[{"embeddable":true,"href":"https:\/\/lorini.com.br\/index.php\/wp-json\/wp\/v2\/comments?post=317"}],"version-history":[{"count":11,"href":"https:\/\/lorini.com.br\/index.php\/wp-json\/wp\/v2\/pages\/317\/revisions"}],"predecessor-version":[{"id":529,"href":"https:\/\/lorini.com.br\/index.php\/wp-json\/wp\/v2\/pages\/317\/revisions\/529"}],"wp:attachment":[{"href":"https:\/\/lorini.com.br\/index.php\/wp-json\/wp\/v2\/media?parent=317"}],"curies":[{"name":"wp","href":"https:\/\/api.w.org\/{rel}","templated":true}]}}