{"id":340,"date":"2023-08-25T16:52:39","date_gmt":"2023-08-25T19:52:39","guid":{"rendered":"https:\/\/lorini.com.br\/?page_id=340"},"modified":"2023-08-25T17:09:47","modified_gmt":"2023-08-25T20:09:47","slug":"consultoria","status":"publish","type":"page","link":"https:\/\/lorini.com.br\/index.php\/consultoria\/","title":{"rendered":"Consultoria"},"content":{"rendered":"\t\t<div data-elementor-type=\"wp-page\" data-elementor-id=\"340\" class=\"elementor elementor-340\">\n\t\t\t\t\t\t<section class=\"elementor-section elementor-top-section elementor-element elementor-element-a00eab6 elementor-section-boxed elementor-section-height-default elementor-section-height-default wpr-particle-no wpr-jarallax-no wpr-parallax-no wpr-sticky-section-no wpr-equal-height-no\" data-id=\"a00eab6\" data-element_type=\"section\" data-e-type=\"section\">\n\t\t\t\t\t\t<div class=\"elementor-container elementor-column-gap-default\">\n\t\t\t\t\t<div class=\"elementor-column elementor-col-100 elementor-top-column elementor-element elementor-element-9ef6417\" data-id=\"9ef6417\" data-element_type=\"column\" data-e-type=\"column\">\n\t\t\t<div class=\"elementor-widget-wrap elementor-element-populated\">\n\t\t\t\t\t\t<div class=\"elementor-element elementor-element-802ebde elementor-widget elementor-widget-image\" data-id=\"802ebde\" data-element_type=\"widget\" data-e-type=\"widget\" data-widget_type=\"image.default\">\n\t\t\t\t<div class=\"elementor-widget-container\">\n\t\t\t\t\t\t\t\t\t\t\t\t\t\t\t<img decoding=\"async\" src=\"https:\/\/lorini.com.br\/wp-content\/uploads\/elementor\/thumbs\/loriservice-qbg4is9zi6wywoofzbhgxe3v7cxf1p5ngiq98ci4wo.png\" title=\"loriservice\" alt=\"loriservice\" loading=\"lazy\" \/>\t\t\t\t\t\t\t\t\t\t\t\t\t\t\t<\/div>\n\t\t\t\t<\/div>\n\t\t\t\t<div class=\"elementor-element elementor-element-80a87c9 elementor-widget elementor-widget-text-editor\" data-id=\"80a87c9\" data-element_type=\"widget\" data-e-type=\"widget\" data-widget_type=\"text-editor.default\">\n\t\t\t\t<div class=\"elementor-widget-container\">\n\t\t\t\t\t\t\t\t\t<p>Atrav\u00e9s<strong> do seu bra\u00e7o operacional, a Loriservice &#8211; Radiodifus\u00e3o e Telecomunica\u00e7\u00f5es, a Lorini Engenharia atua em duas \u00e1reas<\/strong>\u00a0Consultoria e s<b>ervi\u00e7os de engenharia em radiodifus\u00e3o e Assessoria jur\u00eddica em radiodifus\u00e3o.<\/b><\/p>\t\t\t\t\t\t\t\t<\/div>\n\t\t\t\t<\/div>\n\t\t\t\t\t<\/div>\n\t\t<\/div>\n\t\t\t\t\t<\/div>\n\t\t<\/section>\n\t\t\t\t<section class=\"elementor-section elementor-top-section elementor-element elementor-element-2e12d00 elementor-section-boxed elementor-section-height-default elementor-section-height-default wpr-particle-no wpr-jarallax-no wpr-parallax-no wpr-sticky-section-no wpr-equal-height-no\" data-id=\"2e12d00\" data-element_type=\"section\" data-e-type=\"section\">\n\t\t\t\t\t\t<div class=\"elementor-container elementor-column-gap-default\">\n\t\t\t\t\t<div class=\"elementor-column elementor-col-100 elementor-top-column elementor-element elementor-element-f9da7b6\" data-id=\"f9da7b6\" data-element_type=\"column\" data-e-type=\"column\">\n\t\t\t<div class=\"elementor-widget-wrap elementor-element-populated\">\n\t\t\t\t\t\t<div class=\"elementor-element elementor-element-4cb2b5b elementor-widget elementor-widget-heading\" data-id=\"4cb2b5b\" data-element_type=\"widget\" data-e-type=\"widget\" data-widget_type=\"heading.default\">\n\t\t\t\t<div class=\"elementor-widget-container\">\n\t\t\t\t\t<h2 class=\"elementor-heading-title elementor-size-default\">Consultoria e servi\u00e7os de engenharia em radiodifus\u00e3o <small>eglorini@lorini.eng.br<\/small><\/h2>\t\t\t\t<\/div>\n\t\t\t\t<\/div>\n\t\t\t\t<div class=\"elementor-element elementor-element-eb409c8 elementor-widget elementor-widget-text-editor\" data-id=\"eb409c8\" data-element_type=\"widget\" data-e-type=\"widget\" data-widget_type=\"text-editor.default\">\n\t\t\t\t<div class=\"elementor-widget-container\">\n\t\t\t\t\t\t\t\t\t<strong>Consultoria e especifica\u00e7\u00f5es t\u00e9cnicas de equipamentos para emissoras de r\u00e1dio AM\/FM e TV:<\/strong>\n<br>\n&#8211; Acompanhamento, junto aos \u00f3rg\u00e3os p\u00fablicos, de editais, portarias e modifica\u00e7\u00f5es de par\u00e2metros t\u00e9cnicos para as emissoras\n<br>\n&#8211; Novas tecnologias (implanta\u00e7\u00e3o do digital), busca de aperfei\u00e7oamentos t\u00e9cnicos para atingir a qualidade total\n<br>\n&#8211; Auditorias t\u00e9cnicas, com avalia\u00e7\u00e3o de par\u00e2metros e fornecimento de relat\u00f3rios com sugest\u00f5es de modifica\u00e7\u00f5es para busca de uma melhor qualidade e modernidade da emissora\n<br>\n&#8211; Especifica\u00e7\u00f5es t\u00e9cnicas de equipamentos, materiais e componentes para emissora\n<br>\n&#8211; Planejamentos para os investimentos necess\u00e1rios e cronogramas de execu\u00e7\u00e3o dos mesmos\n<br>\n&#8211; Implanta\u00e7\u00e3o e consolida\u00e7\u00e3o de novos servi\u00e7os, como down-Link, esta\u00e7\u00f5es receptoras de sat\u00e9lite, integra\u00e7\u00e3o de redes de programa\u00e7\u00e3o\n<br>\n&#8211; Assessoramento perante os \u00f3rg\u00e3os p\u00fablicos: Minist\u00e9rio da Aeron\u00e1utica, CREA\/RS e Minist\u00e9rio das Comunica\u00e7\u00f5es\/ ANATEL\n<br>\n&#8211; Assessoramento \u00e0s emissoras na legaliza\u00e7\u00e3o e cumprimento de normas t\u00e9cnicas, defesas a infra\u00e7\u00f5es e adequa\u00e7\u00e3o ao c\u00f3digo de telecomunica\u00e7\u00f5es\n<br>\n&#8211; Orienta\u00e7\u00e3o para a compra de equipamentos, contrata\u00e7\u00e3o de t\u00e9cnicos, instala\u00e7\u00e3o e funcionamento das emissoras\n<br>\n&#8211; Avalia\u00e7\u00e3o para compra e venda de emissoras\n<br><br>\n<strong>Elabora\u00e7\u00e3o de projetos t\u00e9cnicos:<\/strong>\n<br>\n&#8211; Viabilidade t\u00e9cnica para novos canais e\/ou aumento de pot\u00eancia de emissoras de r\u00e1dio AM\/FM e TV\n<br>\n&#8211; Projetos para instala\u00e7\u00e3o de emissoras de r\u00e1dio AM\/FM e TV\n<br>\n&#8211; Projetos para migra\u00e7\u00e3o da emissora AM para o FM, ou adapta\u00e7\u00e3o de outorga\n<br>\n&#8211; Projetos de r\u00e1dio-enlaces, de liga\u00e7\u00f5es est\u00fadio-transmissor &#8212; SARC e servi\u00e7o limitado privado &#8212; SLP.\n<br>\n&#8211; Projetos de servi\u00e7os auxiliares de reportagem externa \u00a0(SARC) e comunica\u00e7\u00f5es de ordem interna e servi\u00e7o limitado privado (SLP)\n<br>\n&#8211; Assessoramento em estudos para est\u00fadios (\u00e1udio, ac\u00fastica e layouts e infraestrutura)\n<br>\n&#8211; Laudos t\u00e9cnicos de registro e homologa\u00e7\u00e3o de equipamentos (revis\u00e3o)\n<br>\n&#8211; Laudos t\u00e9cnicos de vistoria de esta\u00e7\u00f5es e equipamentos\n<br>\n&#8211; Auditorias, vistorias e laudos t\u00e9cnicos para emissoras de r\u00e1dio em AM\/FM e TV\n<br>\n&#8211; Medi\u00e7\u00f5es de intensidade de campo e levantamento de diagramas verticais e horizontais de emissoras de r\u00e1dio AM\/FM e TV\n<br><br>\n<strong>\u00a0<\/strong>\n\n<strong>Responsabilidade t\u00e9cnica junto aos \u00f3rg\u00e3os p\u00fablicos <\/strong>\n<br>\n&#8211; Responsabilidade t\u00e9cnica perante o Minist\u00e9rio das Comunica\u00e7\u00f5es, ANATEL, Minist\u00e9rio da Aeron\u00e1utica (CINDACTA II) e Confea (CREA: RS\/SC\/PR), atendendo \u00e0 Portaria n\u00ba. 160, de 24 de junho de 1987\n<br>\n<strong>&#8211; <\/strong>Estabelecimento de contratos mensais de presta\u00e7\u00e3o cont\u00ednua de servi\u00e7os, fazendo cumprir as exig\u00eancias legais\t\t\t\t\t\t\t\t<\/div>\n\t\t\t\t<\/div>\n\t\t\t\t\t<\/div>\n\t\t<\/div>\n\t\t\t\t\t<\/div>\n\t\t<\/section>\n\t\t\t\t<\/div>\n\t\t","protected":false},"excerpt":{"rendered":"<p>Atrav\u00e9s do seu bra\u00e7o operacional, a Loriservice &#8211; Radiodifus\u00e3o e Telecomunica\u00e7\u00f5es, a Lorini Engenharia atua em duas \u00e1reas\u00a0Consultoria e servi\u00e7os de engenharia em radiodifus\u00e3o e Assessoria jur\u00eddica em radiodifus\u00e3o. Consultoria e servi\u00e7os de engenharia em radiodifus\u00e3o eglorini@lorini.eng.br Consultoria e especifica\u00e7\u00f5es t\u00e9cnicas de equipamentos para emissoras de r\u00e1dio AM\/FM e TV: &#8211; Acompanhamento, junto aos \u00f3rg\u00e3os p\u00fablicos, de editais, portarias e modifica\u00e7\u00f5es de par\u00e2metros t\u00e9cnicos para as emissoras &#8211; Novas tecnologias (implanta\u00e7\u00e3o do digital), busca de aperfei\u00e7oamentos t\u00e9cnicos para atingir a qualidade total &#8211; Auditorias t\u00e9cnicas, com avalia\u00e7\u00e3o de par\u00e2metros e fornecimento de relat\u00f3rios com sugest\u00f5es de modifica\u00e7\u00f5es para busca de uma melhor qualidade e modernidade da emissora &#8211; Especifica\u00e7\u00f5es t\u00e9cnicas de equipamentos, materiais e componentes para emissora &#8211; Planejamentos para os investimentos necess\u00e1rios e cronogramas de execu\u00e7\u00e3o dos mesmos &#8211; Implanta\u00e7\u00e3o e consolida\u00e7\u00e3o de novos servi\u00e7os, como down-Link, esta\u00e7\u00f5es receptoras de sat\u00e9lite, integra\u00e7\u00e3o de redes de programa\u00e7\u00e3o &#8211; Assessoramento perante os \u00f3rg\u00e3os p\u00fablicos: Minist\u00e9rio da Aeron\u00e1utica, CREA\/RS e Minist\u00e9rio das Comunica\u00e7\u00f5es\/ ANATEL &#8211; Assessoramento \u00e0s emissoras na legaliza\u00e7\u00e3o e cumprimento de normas t\u00e9cnicas, defesas a infra\u00e7\u00f5es e adequa\u00e7\u00e3o ao c\u00f3digo de telecomunica\u00e7\u00f5es &#8211; Orienta\u00e7\u00e3o para a compra de equipamentos, contrata\u00e7\u00e3o de t\u00e9cnicos, instala\u00e7\u00e3o e funcionamento das emissoras &#8211; Avalia\u00e7\u00e3o para compra e venda de emissoras Elabora\u00e7\u00e3o de projetos t\u00e9cnicos: &#8211; Viabilidade t\u00e9cnica para novos canais e\/ou aumento de pot\u00eancia de emissoras de r\u00e1dio AM\/FM e TV &#8211; Projetos para instala\u00e7\u00e3o de emissoras de r\u00e1dio AM\/FM e TV &#8211; Projetos para migra\u00e7\u00e3o da emissora AM para o FM, ou adapta\u00e7\u00e3o de outorga &#8211; Projetos de r\u00e1dio-enlaces, de liga\u00e7\u00f5es est\u00fadio-transmissor &#8212; SARC e servi\u00e7o limitado privado &#8212; SLP. &#8211; Projetos de servi\u00e7os auxiliares de reportagem externa \u00a0(SARC) e comunica\u00e7\u00f5es de ordem interna e servi\u00e7o limitado privado (SLP) &#8211; Assessoramento em estudos para est\u00fadios (\u00e1udio, ac\u00fastica e layouts e infraestrutura) &#8211; Laudos t\u00e9cnicos de registro e homologa\u00e7\u00e3o de equipamentos (revis\u00e3o) &#8211; Laudos t\u00e9cnicos de vistoria de esta\u00e7\u00f5es e equipamentos &#8211; Auditorias, vistorias e laudos t\u00e9cnicos para emissoras de r\u00e1dio em AM\/FM e TV &#8211; Medi\u00e7\u00f5es de intensidade de campo e levantamento de diagramas verticais e horizontais de emissoras de r\u00e1dio AM\/FM e TV \u00a0 Responsabilidade t\u00e9cnica junto aos \u00f3rg\u00e3os p\u00fablicos &#8211; Responsabilidade t\u00e9cnica perante o Minist\u00e9rio das Comunica\u00e7\u00f5es, ANATEL, Minist\u00e9rio da Aeron\u00e1utica (CINDACTA II) e Confea (CREA: RS\/SC\/PR), atendendo \u00e0 Portaria n\u00ba. 160, de 24 de junho de 1987 &#8211; Estabelecimento de contratos mensais de presta\u00e7\u00e3o cont\u00ednua de servi\u00e7os, fazendo cumprir as exig\u00eancias legais<\/p>\n","protected":false},"author":1,"featured_media":0,"parent":0,"menu_order":0,"comment_status":"closed","ping_status":"closed","template":"","meta":{"site-sidebar-layout":"no-sidebar","site-content-layout":"page-builder","ast-site-content-layout":"default","site-content-style":"default","site-sidebar-style":"default","ast-global-header-display":"","ast-banner-title-visibility":"","ast-main-header-display":"","ast-hfb-above-header-display":"","ast-hfb-below-header-display":"","ast-hfb-mobile-header-display":"","site-post-title":"disabled","ast-breadcrumbs-content":"","ast-featured-img":"disabled","footer-sml-layout":"","ast-disable-related-posts":"","theme-transparent-header-meta":"","adv-header-id-meta":"","stick-header-meta":"","header-above-stick-meta":"","header-main-stick-meta":"","header-below-stick-meta":"","astra-migrate-meta-layouts":"default","ast-page-background-enabled":"default","ast-page-background-meta":{"desktop":{"background-color":"var(--ast-global-color-4)","background-image":"","background-repeat":"repeat","background-position":"center center","background-size":"auto","background-attachment":"scroll","background-type":"","background-media":"","overlay-type":"","overlay-color":"","overlay-opacity":"","overlay-gradient":""},"tablet":{"background-color":"","background-image":"","background-repeat":"repeat","background-position":"center center","background-size":"auto","background-attachment":"scroll","background-type":"","background-media":"","overlay-type":"","overlay-color":"","overlay-opacity":"","overlay-gradient":""},"mobile":{"background-color":"","background-image":"","background-repeat":"repeat","background-position":"center center","background-size":"auto","background-attachment":"scroll","background-type":"","background-media":"","overlay-type":"","overlay-color":"","overlay-opacity":"","overlay-gradient":""}},"ast-content-background-meta":{"desktop":{"background-color":"var(--ast-global-color-5)","background-image":"","background-repeat":"repeat","background-position":"center center","background-size":"auto","background-attachment":"scroll","background-type":"","background-media":"","overlay-type":"","overlay-color":"","overlay-opacity":"","overlay-gradient":""},"tablet":{"background-color":"var(--ast-global-color-5)","background-image":"","background-repeat":"repeat","background-position":"center center","background-size":"auto","background-attachment":"scroll","background-type":"","background-media":"","overlay-type":"","overlay-color":"","overlay-opacity":"","overlay-gradient":""},"mobile":{"background-color":"var(--ast-global-color-5)","background-image":"","background-repeat":"repeat","background-position":"center center","background-size":"auto","background-attachment":"scroll","background-type":"","background-media":"","overlay-type":"","overlay-color":"","overlay-opacity":"","overlay-gradient":""}},"footnotes":""},"class_list":["post-340","page","type-page","status-publish","hentry"],"_links":{"self":[{"href":"https:\/\/lorini.com.br\/index.php\/wp-json\/wp\/v2\/pages\/340","targetHints":{"allow":["GET"]}}],"collection":[{"href":"https:\/\/lorini.com.br\/index.php\/wp-json\/wp\/v2\/pages"}],"about":[{"href":"https:\/\/lorini.com.br\/index.php\/wp-json\/wp\/v2\/types\/page"}],"author":[{"embeddable":true,"href":"https:\/\/lorini.com.br\/index.php\/wp-json\/wp\/v2\/users\/1"}],"replies":[{"embeddable":true,"href":"https:\/\/lorini.com.br\/index.php\/wp-json\/wp\/v2\/comments?post=340"}],"version-history":[{"count":17,"href":"https:\/\/lorini.com.br\/index.php\/wp-json\/wp\/v2\/pages\/340\/revisions"}],"predecessor-version":[{"id":450,"href":"https:\/\/lorini.com.br\/index.php\/wp-json\/wp\/v2\/pages\/340\/revisions\/450"}],"wp:attachment":[{"href":"https:\/\/lorini.com.br\/index.php\/wp-json\/wp\/v2\/media?parent=340"}],"curies":[{"name":"wp","href":"https:\/\/api.w.org\/{rel}","templated":true}]}}