{"id":345,"date":"2023-08-25T16:54:54","date_gmt":"2023-08-25T19:54:54","guid":{"rendered":"https:\/\/lorini.com.br\/?page_id=345"},"modified":"2023-08-25T17:55:42","modified_gmt":"2023-08-25T20:55:42","slug":"assessoria","status":"publish","type":"page","link":"https:\/\/lorini.com.br\/index.php\/assessoria\/","title":{"rendered":"Assessoria"},"content":{"rendered":"\t\t<div data-elementor-type=\"wp-page\" data-elementor-id=\"345\" class=\"elementor elementor-345\">\n\t\t\t\t\t\t<section class=\"elementor-section elementor-top-section elementor-element elementor-element-90bb221 elementor-section-boxed elementor-section-height-default elementor-section-height-default wpr-particle-no wpr-jarallax-no wpr-parallax-no wpr-sticky-section-no wpr-equal-height-no\" data-id=\"90bb221\" data-element_type=\"section\" data-e-type=\"section\">\n\t\t\t\t\t\t<div class=\"elementor-container elementor-column-gap-default\">\n\t\t\t\t\t<div class=\"elementor-column elementor-col-100 elementor-top-column elementor-element elementor-element-652f975\" data-id=\"652f975\" data-element_type=\"column\" data-e-type=\"column\">\n\t\t\t<div class=\"elementor-widget-wrap elementor-element-populated\">\n\t\t\t\t\t\t<div class=\"elementor-element elementor-element-6491af2 elementor-widget elementor-widget-image\" data-id=\"6491af2\" data-element_type=\"widget\" data-e-type=\"widget\" data-widget_type=\"image.default\">\n\t\t\t\t<div class=\"elementor-widget-container\">\n\t\t\t\t\t\t\t\t\t\t\t\t\t\t\t<img decoding=\"async\" src=\"https:\/\/lorini.com.br\/wp-content\/uploads\/elementor\/thumbs\/loriservice-qbg4is9zi6wywoofzbhgxe3v7cxf1p5ngiq98ci4wo.png\" title=\"loriservice\" alt=\"loriservice\" loading=\"lazy\" \/>\t\t\t\t\t\t\t\t\t\t\t\t\t\t\t<\/div>\n\t\t\t\t<\/div>\n\t\t\t\t<div class=\"elementor-element elementor-element-73759ee elementor-widget elementor-widget-text-editor\" data-id=\"73759ee\" data-element_type=\"widget\" data-e-type=\"widget\" data-widget_type=\"text-editor.default\">\n\t\t\t\t<div class=\"elementor-widget-container\">\n\t\t\t\t\t\t\t\t\t<p><strong>Atrav\u00e9s do seu bra\u00e7o operacional, a Loriservice &#8211; Radiodifus\u00e3o e Telecomunica\u00e7\u00f5es, a Lorini Engenharia atua em duas \u00e1reas:\u00a0Consultoria e servi\u00e7os de engenharia em radiodifus\u00e3o e Assessoria jur\u00eddica em radiodifus\u00e3o.<\/strong><\/p>\t\t\t\t\t\t\t\t<\/div>\n\t\t\t\t<\/div>\n\t\t\t\t\t<\/div>\n\t\t<\/div>\n\t\t\t\t\t<\/div>\n\t\t<\/section>\n\t\t\t\t<section class=\"elementor-section elementor-top-section elementor-element elementor-element-c514e5f elementor-section-boxed elementor-section-height-default elementor-section-height-default wpr-particle-no wpr-jarallax-no wpr-parallax-no wpr-sticky-section-no wpr-equal-height-no\" data-id=\"c514e5f\" data-element_type=\"section\" data-e-type=\"section\">\n\t\t\t\t\t\t<div class=\"elementor-container elementor-column-gap-default\">\n\t\t\t\t\t<div class=\"elementor-column elementor-col-100 elementor-top-column elementor-element elementor-element-cecbd4c\" data-id=\"cecbd4c\" data-element_type=\"column\" data-e-type=\"column\">\n\t\t\t<div class=\"elementor-widget-wrap elementor-element-populated\">\n\t\t\t\t\t\t<div class=\"elementor-element elementor-element-1fbcd2b elementor-widget elementor-widget-heading\" data-id=\"1fbcd2b\" data-element_type=\"widget\" data-e-type=\"widget\" data-widget_type=\"heading.default\">\n\t\t\t\t<div class=\"elementor-widget-container\">\n\t\t\t\t\t<h2 class=\"elementor-heading-title elementor-size-default\">Assessoria jur\u00eddica especializada em radiodifus\u00e3o <small>\nloriservice@lorini.adv.br<\/small><\/h2>\t\t\t\t<\/div>\n\t\t\t\t<\/div>\n\t\t\t\t<div class=\"elementor-element elementor-element-31eccb5 elementor-widget elementor-widget-text-editor\" data-id=\"31eccb5\" data-element_type=\"widget\" data-e-type=\"widget\" data-widget_type=\"text-editor.default\">\n\t\t\t\t<div class=\"elementor-widget-container\">\n\t\t\t\t\t\t\t\t\t<strong>Encaminhamento ao Minist\u00e9rio das Comunica\u00e7\u00f5es\/ANATEL:<\/strong><br>\n<strong>&#8211; <\/strong>Renova\u00e7\u00e3o de outorga; contratos e altera\u00e7\u00f5es contratuais\/estatut\u00e1rias para aprova\u00e7\u00e3o pr\u00e9via e comprova\u00e7\u00e3o dos atos de sociedades e\/ou funda\u00e7\u00f5es; aprova\u00e7\u00e3o de novo s\u00f3cio-gerente ou procurador, com poderes de administra\u00e7\u00e3o; autoriza\u00e7\u00e3o para uso de nome fantasia; pedido de transfer\u00eancia direta ou indireta de outorga; defesas de autos de infra\u00e7\u00f5es, expedidos pelos agentes de fiscaliza\u00e7\u00e3o\n<br><br>\n<strong>Editais de Licita\u00e7\u00e3o do Minist\u00e9rio das Comunica\u00e7\u00f5es e ANATEL<\/strong>:<br>\n\n&#8211; Representa\u00e7\u00e3o de entidades em concorr\u00eancias p\u00fablicas de canais de r\u00e1dios AM\/FM, MMDS e TV \u00e0 cabo; verifica\u00e7\u00e3o da documenta\u00e7\u00e3o dos concorrentes e elabora\u00e7\u00e3o de eventuais medidas administrativas ou judiciais; fiscaliza\u00e7\u00e3o de todas as fases da licita\u00e7\u00e3o\n<br><br>\n<strong>Emissoras educativas de FM e TV:<\/strong>\n<br>\n&#8211; Cria\u00e7\u00e3o ou adapta\u00e7\u00e3o de funda\u00e7\u00f5es p\u00fablicas ou privadas para a execu\u00e7\u00e3o de radiodifus\u00e3o educativa; elabora\u00e7\u00e3o de todos os documentos necess\u00e1rios \u00e0 obten\u00e7\u00e3o da outorga\n<br><br>\n<strong>Altera\u00e7\u00f5es contratuais, estatut\u00e1rias e capital estrangeiro<\/strong>:\n<br>\n&#8211; Cess\u00e3o simples e da maioria de quotas\/a\u00e7\u00f5es de transfer\u00eancia indireta de outorga; aumento do capital social e\/ou atualiza\u00e7\u00e3o da express\u00e3o monet\u00e1ria vigente; reforma geral ou parcial dos atos constitutivos, consolida\u00e7\u00e3o do contrato social\/estatuto da entidade, adapta\u00e7\u00e3o ao novo c\u00f3digo civil; transforma\u00e7\u00e3o do tipo jur\u00eddico da sociedade, cis\u00e3o, fus\u00e3o e incorpora\u00e7\u00e3o; prepara\u00e7\u00e3o da sociedade para a recep\u00e7\u00e3o do capital estrangeiro, no limite de 30%\n<br><br>\n<strong>Junta comercial, conselho de defesa nacional e outros:<\/strong>\n<br>\n&#8211; Encaminhamento de instrumentos contratuais e altera\u00e7\u00f5es societ\u00e1rias para arquivamento e acompanhamento at\u00e9 o final; obten\u00e7\u00e3o de assentimento pr\u00e9vio para as empresas executantes de servi\u00e7o de radiodifus\u00e3o na faixa de fronteira; elabora\u00e7\u00e3o de contratos particulares de promessa de cess\u00e3o de cotas de sociedades e outros instrumentos\n<br><br>\n<strong>Compra e venda de emissoras de r\u00e1dio:<\/strong>\n\n&#8211; Avalia\u00e7\u00e3o e media\u00e7\u00e3o na transfer\u00eancia direta ou indireta do controle societ\u00e1rio; valora\u00e7\u00e3o da outorga de acordo com o mercado; busca do pre\u00e7o mais justo para a compra ou venda de emissora; capta\u00e7\u00e3o de capital estrangeiro para investimentos na emissora, no limite de 30%\t\t\t\t\t\t\t\t<\/div>\n\t\t\t\t<\/div>\n\t\t\t\t\t<\/div>\n\t\t<\/div>\n\t\t\t\t\t<\/div>\n\t\t<\/section>\n\t\t\t\t<\/div>\n\t\t","protected":false},"excerpt":{"rendered":"<p>Atrav\u00e9s do seu bra\u00e7o operacional, a Loriservice &#8211; Radiodifus\u00e3o e Telecomunica\u00e7\u00f5es, a Lorini Engenharia atua em duas \u00e1reas:\u00a0Consultoria e servi\u00e7os de engenharia em radiodifus\u00e3o e Assessoria jur\u00eddica em radiodifus\u00e3o. Assessoria jur\u00eddica especializada em radiodifus\u00e3o loriservice@lorini.adv.br Encaminhamento ao Minist\u00e9rio das Comunica\u00e7\u00f5es\/ANATEL: &#8211; Renova\u00e7\u00e3o de outorga; contratos e altera\u00e7\u00f5es contratuais\/estatut\u00e1rias para aprova\u00e7\u00e3o pr\u00e9via e comprova\u00e7\u00e3o dos atos de sociedades e\/ou funda\u00e7\u00f5es; aprova\u00e7\u00e3o de novo s\u00f3cio-gerente ou procurador, com poderes de administra\u00e7\u00e3o; autoriza\u00e7\u00e3o para uso de nome fantasia; pedido de transfer\u00eancia direta ou indireta de outorga; defesas de autos de infra\u00e7\u00f5es, expedidos pelos agentes de fiscaliza\u00e7\u00e3o Editais de Licita\u00e7\u00e3o do Minist\u00e9rio das Comunica\u00e7\u00f5es e ANATEL: &#8211; Representa\u00e7\u00e3o de entidades em concorr\u00eancias p\u00fablicas de canais de r\u00e1dios AM\/FM, MMDS e TV \u00e0 cabo; verifica\u00e7\u00e3o da documenta\u00e7\u00e3o dos concorrentes e elabora\u00e7\u00e3o de eventuais medidas administrativas ou judiciais; fiscaliza\u00e7\u00e3o de todas as fases da licita\u00e7\u00e3o Emissoras educativas de FM e TV: &#8211; Cria\u00e7\u00e3o ou adapta\u00e7\u00e3o de funda\u00e7\u00f5es p\u00fablicas ou privadas para a execu\u00e7\u00e3o de radiodifus\u00e3o educativa; elabora\u00e7\u00e3o de todos os documentos necess\u00e1rios \u00e0 obten\u00e7\u00e3o da outorga Altera\u00e7\u00f5es contratuais, estatut\u00e1rias e capital estrangeiro: &#8211; Cess\u00e3o simples e da maioria de quotas\/a\u00e7\u00f5es de transfer\u00eancia indireta de outorga; aumento do capital social e\/ou atualiza\u00e7\u00e3o da express\u00e3o monet\u00e1ria vigente; reforma geral ou parcial dos atos constitutivos, consolida\u00e7\u00e3o do contrato social\/estatuto da entidade, adapta\u00e7\u00e3o ao novo c\u00f3digo civil; transforma\u00e7\u00e3o do tipo jur\u00eddico da sociedade, cis\u00e3o, fus\u00e3o e incorpora\u00e7\u00e3o; prepara\u00e7\u00e3o da sociedade para a recep\u00e7\u00e3o do capital estrangeiro, no limite de 30% Junta comercial, conselho de defesa nacional e outros: &#8211; Encaminhamento de instrumentos contratuais e altera\u00e7\u00f5es societ\u00e1rias para arquivamento e acompanhamento at\u00e9 o final; obten\u00e7\u00e3o de assentimento pr\u00e9vio para as empresas executantes de servi\u00e7o de radiodifus\u00e3o na faixa de fronteira; elabora\u00e7\u00e3o de contratos particulares de promessa de cess\u00e3o de cotas de sociedades e outros instrumentos Compra e venda de emissoras de r\u00e1dio: &#8211; Avalia\u00e7\u00e3o e media\u00e7\u00e3o na transfer\u00eancia direta ou indireta do controle societ\u00e1rio; valora\u00e7\u00e3o da outorga de acordo com o mercado; busca do pre\u00e7o mais justo para a compra ou venda de emissora; capta\u00e7\u00e3o de capital estrangeiro para investimentos na emissora, no limite de 30%<\/p>\n","protected":false},"author":1,"featured_media":0,"parent":0,"menu_order":0,"comment_status":"closed","ping_status":"closed","template":"","meta":{"site-sidebar-layout":"no-sidebar","site-content-layout":"page-builder","ast-site-content-layout":"default","site-content-style":"default","site-sidebar-style":"default","ast-global-header-display":"","ast-banner-title-visibility":"","ast-main-header-display":"","ast-hfb-above-header-display":"","ast-hfb-below-header-display":"","ast-hfb-mobile-header-display":"","site-post-title":"disabled","ast-breadcrumbs-content":"","ast-featured-img":"disabled","footer-sml-layout":"","ast-disable-related-posts":"","theme-transparent-header-meta":"","adv-header-id-meta":"","stick-header-meta":"","header-above-stick-meta":"","header-main-stick-meta":"","header-below-stick-meta":"","astra-migrate-meta-layouts":"default","ast-page-background-enabled":"default","ast-page-background-meta":{"desktop":{"background-color":"var(--ast-global-color-4)","background-image":"","background-repeat":"repeat","background-position":"center center","background-size":"auto","background-attachment":"scroll","background-type":"","background-media":"","overlay-type":"","overlay-color":"","overlay-opacity":"","overlay-gradient":""},"tablet":{"background-color":"","background-image":"","background-repeat":"repeat","background-position":"center center","background-size":"auto","background-attachment":"scroll","background-type":"","background-media":"","overlay-type":"","overlay-color":"","overlay-opacity":"","overlay-gradient":""},"mobile":{"background-color":"","background-image":"","background-repeat":"repeat","background-position":"center center","background-size":"auto","background-attachment":"scroll","background-type":"","background-media":"","overlay-type":"","overlay-color":"","overlay-opacity":"","overlay-gradient":""}},"ast-content-background-meta":{"desktop":{"background-color":"var(--ast-global-color-5)","background-image":"","background-repeat":"repeat","background-position":"center center","background-size":"auto","background-attachment":"scroll","background-type":"","background-media":"","overlay-type":"","overlay-color":"","overlay-opacity":"","overlay-gradient":""},"tablet":{"background-color":"var(--ast-global-color-5)","background-image":"","background-repeat":"repeat","background-position":"center center","background-size":"auto","background-attachment":"scroll","background-type":"","background-media":"","overlay-type":"","overlay-color":"","overlay-opacity":"","overlay-gradient":""},"mobile":{"background-color":"var(--ast-global-color-5)","background-image":"","background-repeat":"repeat","background-position":"center center","background-size":"auto","background-attachment":"scroll","background-type":"","background-media":"","overlay-type":"","overlay-color":"","overlay-opacity":"","overlay-gradient":""}},"footnotes":""},"class_list":["post-345","page","type-page","status-publish","hentry"],"_links":{"self":[{"href":"https:\/\/lorini.com.br\/index.php\/wp-json\/wp\/v2\/pages\/345","targetHints":{"allow":["GET"]}}],"collection":[{"href":"https:\/\/lorini.com.br\/index.php\/wp-json\/wp\/v2\/pages"}],"about":[{"href":"https:\/\/lorini.com.br\/index.php\/wp-json\/wp\/v2\/types\/page"}],"author":[{"embeddable":true,"href":"https:\/\/lorini.com.br\/index.php\/wp-json\/wp\/v2\/users\/1"}],"replies":[{"embeddable":true,"href":"https:\/\/lorini.com.br\/index.php\/wp-json\/wp\/v2\/comments?post=345"}],"version-history":[{"count":19,"href":"https:\/\/lorini.com.br\/index.php\/wp-json\/wp\/v2\/pages\/345\/revisions"}],"predecessor-version":[{"id":446,"href":"https:\/\/lorini.com.br\/index.php\/wp-json\/wp\/v2\/pages\/345\/revisions\/446"}],"wp:attachment":[{"href":"https:\/\/lorini.com.br\/index.php\/wp-json\/wp\/v2\/media?parent=345"}],"curies":[{"name":"wp","href":"https:\/\/api.w.org\/{rel}","templated":true}]}}