{"id":423,"date":"2023-08-25T17:41:28","date_gmt":"2023-08-25T20:41:28","guid":{"rendered":"https:\/\/lorini.com.br\/?page_id=423"},"modified":"2023-08-25T17:45:20","modified_gmt":"2023-08-25T20:45:20","slug":"clientes","status":"publish","type":"page","link":"https:\/\/lorini.com.br\/index.php\/clientes\/","title":{"rendered":"Clientes"},"content":{"rendered":"\t\t<div data-elementor-type=\"wp-page\" data-elementor-id=\"423\" class=\"elementor elementor-423\">\n\t\t\t\t\t\t<section class=\"elementor-section elementor-top-section elementor-element elementor-element-4c901f6 elementor-section-boxed elementor-section-height-default elementor-section-height-default wpr-particle-no wpr-jarallax-no wpr-parallax-no wpr-sticky-section-no wpr-equal-height-no\" data-id=\"4c901f6\" data-element_type=\"section\" data-e-type=\"section\">\n\t\t\t\t\t\t<div class=\"elementor-container elementor-column-gap-default\">\n\t\t\t\t\t<div class=\"elementor-column elementor-col-100 elementor-top-column elementor-element elementor-element-b75749d\" data-id=\"b75749d\" data-element_type=\"column\" data-e-type=\"column\">\n\t\t\t<div class=\"elementor-widget-wrap elementor-element-populated\">\n\t\t\t\t\t\t<div class=\"elementor-element elementor-element-da54e7c elementor-widget elementor-widget-heading\" data-id=\"da54e7c\" data-element_type=\"widget\" data-e-type=\"widget\" data-widget_type=\"heading.default\">\n\t\t\t\t<div class=\"elementor-widget-container\">\n\t\t\t\t\t<h2 class=\"elementor-heading-title elementor-size-default\">Clientes<\/h2>\t\t\t\t<\/div>\n\t\t\t\t<\/div>\n\t\t\t\t<div class=\"elementor-element elementor-element-0166cd5 elementor-widget elementor-widget-text-editor\" data-id=\"0166cd5\" data-element_type=\"widget\" data-e-type=\"widget\" data-widget_type=\"text-editor.default\">\n\t\t\t\t<div class=\"elementor-widget-container\">\n\t\t\t\t\t\t\t\t\t<p>Desde 1997, com a nova modalidade de editais de licita\u00e7\u00e3o, a Loriservice representou e acompanhou processos com \u00eaxito, para quase 200 localidades, nos estados do Rio Grande do Sul, Santa Catarina e Paran\u00e1. Alguns dos seus clientes:<\/p>\t\t\t\t\t\t\t\t<\/div>\n\t\t\t\t<\/div>\n\t\t\t\t<div class=\"elementor-element elementor-element-ae103ad elementor-widget elementor-widget-text-editor\" data-id=\"ae103ad\" data-element_type=\"widget\" data-e-type=\"widget\" data-widget_type=\"text-editor.default\">\n\t\t\t\t<div class=\"elementor-widget-container\">\n\t\t\t\t\t\t\t\t\t<strong>&#8211; Emissoras educativas de r\u00e1dio e televis\u00e3o<\/strong><br>\n* Funda\u00e7\u00e3o UCS, Caxias do Sul\/RS \u2013 1 emissora<br>\n* Funda\u00e7\u00e3o FAPES, Erechim\/RS \u2013 2 emissoras<br>\n* Funda\u00e7\u00e3o FUVATES, Lajeado\/RS \u2013 1 emissora<br>\n* Funda\u00e7\u00e3o UPF, Passo Fundo\/RS \u2013 7 emissoras<br>\n* Funda\u00e7\u00e3o UCPEL, Pelotas\/RS \u2013 CFTV<br>\n* Funda\u00e7\u00e3o Inter Mir\u00edfica, Porto Alegre\/RS \u2013 6 emissoras<br>\n* Funda\u00e7\u00e3o FURG, Rio Grande\/RS \u2013 CFTV<br>\n* Funda\u00e7\u00e3o Gazeta, Santa Cruz do Sul\/RS \u2013 2 emissoras<br>\n* Funda\u00e7\u00e3o Oswaldo Carlos Van Leeuwen, Lajeado\/RS \u2013 1 emissora<br>\n* Funda\u00e7\u00e3o Elton Klepker, Teut\u00f4nia\/RS \u2013 1 emissora<br>\n<br>\n<strong><strong>&#8211; Emissoras de r\u00e1dios comerciais<br><\/strong><\/strong>\n*RC7 Comunica\u00e7\u00e3o e A\u00e7\u00e3o Sucursal, XXX<br>\n* R\u00e1dio Hulha Negra Ltda, xxxx<br>\n* R\u00e1dio Jaragu\u00e1 Ltda, Jaragu\u00e1 do Sul\/SC<br>\n* R\u00e1dio Ararangu\u00e1 Ltda, Ararangu\u00e1\/SC<br>\n* J.P.B. Empresa Jornal\u00edstica Ltda, xxx<br>\n* Funda\u00e7\u00e3o Marconi, Urussanga\/SC<br>\n* R\u00e1dio Imigrantes de Turvo Ltda, Turvo\/SC<br>\n* R\u00e1dio Imembu\u00ed Ltda, Santa Maria\/RS<br>\n* R\u00e1dio Cassino de Rio Grande Ltda, Rio Grande\/RS<br>\n* R\u00e1dio Brasil Tropical, de Curitiba\/PR<br>\n* Sociedade R\u00e1dio Continental Ltda, Coronel Freitas\/SC<br>\n* Rede de Comunica\u00e7\u00f5es P\u00e9rola do Vale Ltda, Jaragu\u00e1 do Sul\/SC<br>\n* Funda\u00e7\u00e3o Isaec de Comunica\u00e7\u00e3o, Blumenau\/SC<br>\n* R\u00e1dio Os\u00f3rio Ltda, Os\u00f3rio\/RS<br>\n* R\u00e1dio Santo \u00c2ngelo Ltda, Santo \u00c2ngelo\/RS<br>\n* R\u00e1dio Progresso de Iju\u00ed Ltda, Iju\u00ed\/RS<br>\n* R\u00e1dio Cultura de Comunica\u00e7\u00e3o Ltda, Cangu\u00e7u\/RS<br>\n* R\u00e1dio Difusora A Voz de Bag\u00e9 Ltda, Bag\u00e9\/RS<br>\n* R\u00e1dio Universidade Cat\u00f3lica de Pelotas, Pelotas\/RS<br>\n* R\u00e1dio Guaramano Ltda, Guarani das Miss\u00f5es\/RS<br>\n* R\u00e1dio Cidade Can\u00e7\u00e3o Ltda, Tr\u00eas de Maio\/RS<br>\n* R\u00e1dio Miriam Ltda, Farroupilha\/RS<br>\n* Sociedade R\u00e1dio Ametista Ltda, Planalto\/RS<br>\n* Rede Eldorado de R\u00e1dios, Crici\u00fama\/SC<br>\n* Rede Fronteira de Comunica\u00e7\u00e3o, Blumenau\/SC<br>\n* R\u00e1dio Nativa FM, Santa Maria\/RS<br>\n* Grupo Gazeta de Comunica\u00e7\u00e3o, Santa Cruz do Sul\/RS<br>\n* Funda\u00e7\u00e3o Sinodal de Comunica\u00e7\u00e3o, Novo Hamburgo\/RS<br>\n* Grupo Capuchinhos, Caxias do Sul, RS<br>\n* R\u00e1dio S\u00e3o Carlos Ltda, S\u00e3o Carlos\/SC<br>\n* R\u00e1dio Nonoai Ltda, Nonoai\/RS<br>\n* R\u00e1dio Produ\u00e7\u00e3o FM Ltda, Palmitos\/SC<br>\n* R\u00e1dio Caibi Ltda, Caibi\/SC<br>\n* Portal Sistema FM de Comunica\u00e7\u00e3o Ltda, S\u00e3o Carlos\/SC<br>\n* R\u00e1dio Ciranda de Chiapetta Ltda, Santo Augusto\/RS<br>\n* R\u00e1dio M\u00e9dio Uruguai Ltda, Rodeio Bonito\/RS<br>\n* R\u00e1dio Vizinhan\u00e7a FM Ltda, Dois Vizinhos\/PR<br>\n* R\u00e1dio Educadora de Dois Vizinhos Ltda, Dois Vizinhos\/PR<br>\n* R\u00e1dio Alvorada do Sul Ltda, xxx<br>\n* Rede Atl\u00e2ntico Sul de Radiodifus\u00e3o Ltda, Brusque\/SC<br>\t\t\t\t\t\t\t\t<\/div>\n\t\t\t\t<\/div>\n\t\t\t\t\t<\/div>\n\t\t<\/div>\n\t\t\t\t\t<\/div>\n\t\t<\/section>\n\t\t\t\t<\/div>\n\t\t","protected":false},"excerpt":{"rendered":"<p>Clientes Desde 1997, com a nova modalidade de editais de licita\u00e7\u00e3o, a Loriservice representou e acompanhou processos com \u00eaxito, para quase 200 localidades, nos estados do Rio Grande do Sul, Santa Catarina e Paran\u00e1. Alguns dos seus clientes: &#8211; Emissoras educativas de r\u00e1dio e televis\u00e3o * Funda\u00e7\u00e3o UCS, Caxias do Sul\/RS \u2013 1 emissora * Funda\u00e7\u00e3o FAPES, Erechim\/RS \u2013 2 emissoras * Funda\u00e7\u00e3o FUVATES, Lajeado\/RS \u2013 1 emissora * Funda\u00e7\u00e3o UPF, Passo Fundo\/RS \u2013 7 emissoras * Funda\u00e7\u00e3o UCPEL, Pelotas\/RS \u2013 CFTV * Funda\u00e7\u00e3o Inter Mir\u00edfica, Porto Alegre\/RS \u2013 6 emissoras * Funda\u00e7\u00e3o FURG, Rio Grande\/RS \u2013 CFTV * Funda\u00e7\u00e3o Gazeta, Santa Cruz do Sul\/RS \u2013 2 emissoras * Funda\u00e7\u00e3o Oswaldo Carlos Van Leeuwen, Lajeado\/RS \u2013 1 emissora * Funda\u00e7\u00e3o Elton Klepker, Teut\u00f4nia\/RS \u2013 1 emissora &#8211; Emissoras de r\u00e1dios comerciais *RC7 Comunica\u00e7\u00e3o e A\u00e7\u00e3o Sucursal, XXX * R\u00e1dio Hulha Negra Ltda, xxxx * R\u00e1dio Jaragu\u00e1 Ltda, Jaragu\u00e1 do Sul\/SC * R\u00e1dio Ararangu\u00e1 Ltda, Ararangu\u00e1\/SC * J.P.B. Empresa Jornal\u00edstica Ltda, xxx * Funda\u00e7\u00e3o Marconi, Urussanga\/SC * R\u00e1dio Imigrantes de Turvo Ltda, Turvo\/SC * R\u00e1dio Imembu\u00ed Ltda, Santa Maria\/RS * R\u00e1dio Cassino de Rio Grande Ltda, Rio Grande\/RS * R\u00e1dio Brasil Tropical, de Curitiba\/PR * Sociedade R\u00e1dio Continental Ltda, Coronel Freitas\/SC * Rede de Comunica\u00e7\u00f5es P\u00e9rola do Vale Ltda, Jaragu\u00e1 do Sul\/SC * Funda\u00e7\u00e3o Isaec de Comunica\u00e7\u00e3o, Blumenau\/SC * R\u00e1dio Os\u00f3rio Ltda, Os\u00f3rio\/RS * R\u00e1dio Santo \u00c2ngelo Ltda, Santo \u00c2ngelo\/RS * R\u00e1dio Progresso de Iju\u00ed Ltda, Iju\u00ed\/RS * R\u00e1dio Cultura de Comunica\u00e7\u00e3o Ltda, Cangu\u00e7u\/RS * R\u00e1dio Difusora A Voz de Bag\u00e9 Ltda, Bag\u00e9\/RS * R\u00e1dio Universidade Cat\u00f3lica de Pelotas, Pelotas\/RS * R\u00e1dio Guaramano Ltda, Guarani das Miss\u00f5es\/RS * R\u00e1dio Cidade Can\u00e7\u00e3o Ltda, Tr\u00eas de Maio\/RS * R\u00e1dio Miriam Ltda, Farroupilha\/RS * Sociedade R\u00e1dio Ametista Ltda, Planalto\/RS * Rede Eldorado de R\u00e1dios, Crici\u00fama\/SC * Rede Fronteira de Comunica\u00e7\u00e3o, Blumenau\/SC * R\u00e1dio Nativa FM, Santa Maria\/RS * Grupo Gazeta de Comunica\u00e7\u00e3o, Santa Cruz do Sul\/RS * Funda\u00e7\u00e3o Sinodal de Comunica\u00e7\u00e3o, Novo Hamburgo\/RS * Grupo Capuchinhos, Caxias do Sul, RS * R\u00e1dio S\u00e3o Carlos Ltda, S\u00e3o Carlos\/SC * R\u00e1dio Nonoai Ltda, Nonoai\/RS * R\u00e1dio Produ\u00e7\u00e3o FM Ltda, Palmitos\/SC * R\u00e1dio Caibi Ltda, Caibi\/SC * Portal Sistema FM de Comunica\u00e7\u00e3o Ltda, S\u00e3o Carlos\/SC * R\u00e1dio Ciranda de Chiapetta Ltda, Santo Augusto\/RS * R\u00e1dio M\u00e9dio Uruguai Ltda, Rodeio Bonito\/RS * R\u00e1dio Vizinhan\u00e7a FM Ltda, Dois Vizinhos\/PR * R\u00e1dio Educadora de Dois Vizinhos Ltda, Dois Vizinhos\/PR * R\u00e1dio Alvorada do Sul Ltda, xxx * Rede Atl\u00e2ntico Sul de Radiodifus\u00e3o Ltda, Brusque\/SC<\/p>\n","protected":false},"author":1,"featured_media":0,"parent":0,"menu_order":0,"comment_status":"closed","ping_status":"closed","template":"","meta":{"site-sidebar-layout":"no-sidebar","site-content-layout":"page-builder","ast-site-content-layout":"default","site-content-style":"default","site-sidebar-style":"default","ast-global-header-display":"","ast-banner-title-visibility":"","ast-main-header-display":"","ast-hfb-above-header-display":"","ast-hfb-below-header-display":"","ast-hfb-mobile-header-display":"","site-post-title":"disabled","ast-breadcrumbs-content":"","ast-featured-img":"disabled","footer-sml-layout":"","ast-disable-related-posts":"","theme-transparent-header-meta":"","adv-header-id-meta":"","stick-header-meta":"","header-above-stick-meta":"","header-main-stick-meta":"","header-below-stick-meta":"","astra-migrate-meta-layouts":"default","ast-page-background-enabled":"default","ast-page-background-meta":{"desktop":{"background-color":"var(--ast-global-color-4)","background-image":"","background-repeat":"repeat","background-position":"center center","background-size":"auto","background-attachment":"scroll","background-type":"","background-media":"","overlay-type":"","overlay-color":"","overlay-opacity":"","overlay-gradient":""},"tablet":{"background-color":"","background-image":"","background-repeat":"repeat","background-position":"center center","background-size":"auto","background-attachment":"scroll","background-type":"","background-media":"","overlay-type":"","overlay-color":"","overlay-opacity":"","overlay-gradient":""},"mobile":{"background-color":"","background-image":"","background-repeat":"repeat","background-position":"center center","background-size":"auto","background-attachment":"scroll","background-type":"","background-media":"","overlay-type":"","overlay-color":"","overlay-opacity":"","overlay-gradient":""}},"ast-content-background-meta":{"desktop":{"background-color":"var(--ast-global-color-5)","background-image":"","background-repeat":"repeat","background-position":"center center","background-size":"auto","background-attachment":"scroll","background-type":"","background-media":"","overlay-type":"","overlay-color":"","overlay-opacity":"","overlay-gradient":""},"tablet":{"background-color":"var(--ast-global-color-5)","background-image":"","background-repeat":"repeat","background-position":"center center","background-size":"auto","background-attachment":"scroll","background-type":"","background-media":"","overlay-type":"","overlay-color":"","overlay-opacity":"","overlay-gradient":""},"mobile":{"background-color":"var(--ast-global-color-5)","background-image":"","background-repeat":"repeat","background-position":"center center","background-size":"auto","background-attachment":"scroll","background-type":"","background-media":"","overlay-type":"","overlay-color":"","overlay-opacity":"","overlay-gradient":""}},"footnotes":""},"class_list":["post-423","page","type-page","status-publish","hentry"],"_links":{"self":[{"href":"https:\/\/lorini.com.br\/index.php\/wp-json\/wp\/v2\/pages\/423","targetHints":{"allow":["GET"]}}],"collection":[{"href":"https:\/\/lorini.com.br\/index.php\/wp-json\/wp\/v2\/pages"}],"about":[{"href":"https:\/\/lorini.com.br\/index.php\/wp-json\/wp\/v2\/types\/page"}],"author":[{"embeddable":true,"href":"https:\/\/lorini.com.br\/index.php\/wp-json\/wp\/v2\/users\/1"}],"replies":[{"embeddable":true,"href":"https:\/\/lorini.com.br\/index.php\/wp-json\/wp\/v2\/comments?post=423"}],"version-history":[{"count":7,"href":"https:\/\/lorini.com.br\/index.php\/wp-json\/wp\/v2\/pages\/423\/revisions"}],"predecessor-version":[{"id":430,"href":"https:\/\/lorini.com.br\/index.php\/wp-json\/wp\/v2\/pages\/423\/revisions\/430"}],"wp:attachment":[{"href":"https:\/\/lorini.com.br\/index.php\/wp-json\/wp\/v2\/media?parent=423"}],"curies":[{"name":"wp","href":"https:\/\/api.w.org\/{rel}","templated":true}]}}