{"id":457,"date":"2023-08-25T18:09:14","date_gmt":"2023-08-25T21:09:14","guid":{"rendered":"https:\/\/lorini.com.br\/?page_id=457"},"modified":"2023-08-25T18:22:30","modified_gmt":"2023-08-25T21:22:30","slug":"links","status":"publish","type":"page","link":"https:\/\/lorini.com.br\/index.php\/links\/","title":{"rendered":"links"},"content":{"rendered":"\t\t<div data-elementor-type=\"wp-page\" data-elementor-id=\"457\" class=\"elementor elementor-457\">\n\t\t\t\t\t\t<section class=\"elementor-section elementor-top-section elementor-element elementor-element-75ab0fc elementor-section-boxed elementor-section-height-default elementor-section-height-default wpr-particle-no wpr-jarallax-no wpr-parallax-no wpr-sticky-section-no wpr-equal-height-no\" data-id=\"75ab0fc\" data-element_type=\"section\" data-e-type=\"section\">\n\t\t\t\t\t\t<div class=\"elementor-container elementor-column-gap-default\">\n\t\t\t\t\t<div class=\"elementor-column elementor-col-100 elementor-top-column elementor-element elementor-element-94b6e6c\" data-id=\"94b6e6c\" data-element_type=\"column\" data-e-type=\"column\">\n\t\t\t<div class=\"elementor-widget-wrap elementor-element-populated\">\n\t\t\t\t\t\t<div class=\"elementor-element elementor-element-6cb80da elementor-widget elementor-widget-heading\" data-id=\"6cb80da\" data-element_type=\"widget\" data-e-type=\"widget\" data-widget_type=\"heading.default\">\n\t\t\t\t<div class=\"elementor-widget-container\">\n\t\t\t\t\t<h2 class=\"elementor-heading-title elementor-size-default\">Radio Garden\n\n<\/h2>\t\t\t\t<\/div>\n\t\t\t\t<\/div>\n\t\t\t\t<div class=\"elementor-element elementor-element-bd8bb84 elementor-widget__width-initial elementor-widget elementor-widget-text-editor\" data-id=\"bd8bb84\" data-element_type=\"widget\" data-e-type=\"widget\" data-widget_type=\"text-editor.default\">\n\t\t\t\t<div class=\"elementor-widget-container\">\n\t\t\t\t\t\t\t\t\t<p><span style=\"font-style: inherit; font-weight: inherit; font-family: var( --e-global-typography-text-font-family ), Sans-serif; background-color: var(--ast-global-color-5);\">Ou\u00e7a milhares de r\u00e1dios ao redor do mundo, atrav\u00e9s de um mapa interativo, criado pela Radio Garden, com sede na Holanda. Cada ponto verde no mapa representa uma r\u00e1dio. Basta voc\u00ea girar o globo e clicar no pa\u00eds\/cidade onde voc\u00ea deseja ouvir as esta\u00e7\u00f5es locais. Divirta-se! <a href=\"https:\/\/radio.garden\/\">Acesse a Radio Garden aqui<\/a>.<\/span><\/p>\t\t\t\t\t\t\t\t<\/div>\n\t\t\t\t<\/div>\n\t\t\t\t<div class=\"elementor-element elementor-element-5462013 elementor-widget elementor-widget-heading\" data-id=\"5462013\" data-element_type=\"widget\" data-e-type=\"widget\" data-widget_type=\"heading.default\">\n\t\t\t\t<div class=\"elementor-widget-container\">\n\t\t\t\t\t<h2 class=\"elementor-heading-title elementor-size-default\">Links \u00fateis radiodifus\u00e3o\n\n<\/h2>\t\t\t\t<\/div>\n\t\t\t\t<\/div>\n\t\t\t\t<div class=\"elementor-element elementor-element-6614022 elementor-widget elementor-widget-text-editor\" data-id=\"6614022\" data-element_type=\"widget\" data-e-type=\"widget\" data-widget_type=\"text-editor.default\">\n\t\t\t\t<div class=\"elementor-widget-container\">\n\t\t\t\t\t\t\t\t\t<p><span style=\"background-color: var(--ast-global-color-5); font-family: var( --e-global-typography-text-font-family ), Sans-serif; font-style: inherit; font-weight: inherit;\">ANATEL \u2013 Ag\u00eancia Nacional de Telecomunica\u00e7\u00f5es<\/span><\/p><p><a href=\"https:\/\/www.gov.br\/anatel\/pt-br\/regulado\/radiodifusao\">\u00a0https:\/\/www.gov.br\/anatel\/pt-br\/regulado\/radiodifusao<\/a><\/p><p>ABERT &#8211; Associa\u00e7\u00e3o Brasileira de Emissoras de R\u00e1dio e Televis\u00e3o<\/p><p><a href=\"https:\/\/www.abert.org.br\/web\/\">https:\/\/www.abert.org.br\/web\/<\/a><\/p><p>Agert &#8211; Associa\u00e7\u00e3o Ga\u00facha de Emissoras de R\u00e1dio e Televis\u00e3o<\/p><p><a href=\"http:\/\/www.agert.org.br\">www.agert.org.br<\/a><\/p><p>SINDIR\u00c1DIO &#8211; Sindicato das Empresas de R\u00e1dio e TV do Rio Grande do Sul<\/p><p><a href=\"https:\/\/www.sindiradio.org.br\/\">https:\/\/www.sindiradio.org.br\/<\/a><\/p><p>Tudoradio<\/p><p><a href=\"https:\/\/tudoradio.com\/\">https:\/\/tudoradio.com\/<\/a><\/p>\t\t\t\t\t\t\t\t<\/div>\n\t\t\t\t<\/div>\n\t\t\t\t\t<\/div>\n\t\t<\/div>\n\t\t\t\t\t<\/div>\n\t\t<\/section>\n\t\t\t\t<\/div>\n\t\t","protected":false},"excerpt":{"rendered":"<p>Radio Garden Ou\u00e7a milhares de r\u00e1dios ao redor do mundo, atrav\u00e9s de um mapa interativo, criado pela Radio Garden, com sede na Holanda. Cada ponto verde no mapa representa uma r\u00e1dio. Basta voc\u00ea girar o globo e clicar no pa\u00eds\/cidade onde voc\u00ea deseja ouvir as esta\u00e7\u00f5es locais. Divirta-se! Acesse a Radio Garden aqui. Links \u00fateis radiodifus\u00e3o ANATEL \u2013 Ag\u00eancia Nacional de Telecomunica\u00e7\u00f5es \u00a0https:\/\/www.gov.br\/anatel\/pt-br\/regulado\/radiodifusao ABERT &#8211; Associa\u00e7\u00e3o Brasileira de Emissoras de R\u00e1dio e Televis\u00e3o https:\/\/www.abert.org.br\/web\/ Agert &#8211; Associa\u00e7\u00e3o Ga\u00facha de Emissoras de R\u00e1dio e Televis\u00e3o www.agert.org.br SINDIR\u00c1DIO &#8211; Sindicato das Empresas de R\u00e1dio e TV do Rio Grande do Sul https:\/\/www.sindiradio.org.br\/ Tudoradio https:\/\/tudoradio.com\/<\/p>\n","protected":false},"author":1,"featured_media":0,"parent":0,"menu_order":0,"comment_status":"closed","ping_status":"closed","template":"","meta":{"site-sidebar-layout":"no-sidebar","site-content-layout":"page-builder","ast-site-content-layout":"default","site-content-style":"default","site-sidebar-style":"default","ast-global-header-display":"","ast-banner-title-visibility":"","ast-main-header-display":"","ast-hfb-above-header-display":"","ast-hfb-below-header-display":"","ast-hfb-mobile-header-display":"","site-post-title":"disabled","ast-breadcrumbs-content":"","ast-featured-img":"disabled","footer-sml-layout":"","ast-disable-related-posts":"","theme-transparent-header-meta":"","adv-header-id-meta":"","stick-header-meta":"","header-above-stick-meta":"","header-main-stick-meta":"","header-below-stick-meta":"","astra-migrate-meta-layouts":"default","ast-page-background-enabled":"default","ast-page-background-meta":{"desktop":{"background-color":"var(--ast-global-color-4)","background-image":"","background-repeat":"repeat","background-position":"center center","background-size":"auto","background-attachment":"scroll","background-type":"","background-media":"","overlay-type":"","overlay-color":"","overlay-opacity":"","overlay-gradient":""},"tablet":{"background-color":"","background-image":"","background-repeat":"repeat","background-position":"center center","background-size":"auto","background-attachment":"scroll","background-type":"","background-media":"","overlay-type":"","overlay-color":"","overlay-opacity":"","overlay-gradient":""},"mobile":{"background-color":"","background-image":"","background-repeat":"repeat","background-position":"center center","background-size":"auto","background-attachment":"scroll","background-type":"","background-media":"","overlay-type":"","overlay-color":"","overlay-opacity":"","overlay-gradient":""}},"ast-content-background-meta":{"desktop":{"background-color":"var(--ast-global-color-5)","background-image":"","background-repeat":"repeat","background-position":"center center","background-size":"auto","background-attachment":"scroll","background-type":"","background-media":"","overlay-type":"","overlay-color":"","overlay-opacity":"","overlay-gradient":""},"tablet":{"background-color":"var(--ast-global-color-5)","background-image":"","background-repeat":"repeat","background-position":"center center","background-size":"auto","background-attachment":"scroll","background-type":"","background-media":"","overlay-type":"","overlay-color":"","overlay-opacity":"","overlay-gradient":""},"mobile":{"background-color":"var(--ast-global-color-5)","background-image":"","background-repeat":"repeat","background-position":"center center","background-size":"auto","background-attachment":"scroll","background-type":"","background-media":"","overlay-type":"","overlay-color":"","overlay-opacity":"","overlay-gradient":""}},"footnotes":""},"class_list":["post-457","page","type-page","status-publish","hentry"],"_links":{"self":[{"href":"https:\/\/lorini.com.br\/index.php\/wp-json\/wp\/v2\/pages\/457","targetHints":{"allow":["GET"]}}],"collection":[{"href":"https:\/\/lorini.com.br\/index.php\/wp-json\/wp\/v2\/pages"}],"about":[{"href":"https:\/\/lorini.com.br\/index.php\/wp-json\/wp\/v2\/types\/page"}],"author":[{"embeddable":true,"href":"https:\/\/lorini.com.br\/index.php\/wp-json\/wp\/v2\/users\/1"}],"replies":[{"embeddable":true,"href":"https:\/\/lorini.com.br\/index.php\/wp-json\/wp\/v2\/comments?post=457"}],"version-history":[{"count":10,"href":"https:\/\/lorini.com.br\/index.php\/wp-json\/wp\/v2\/pages\/457\/revisions"}],"predecessor-version":[{"id":485,"href":"https:\/\/lorini.com.br\/index.php\/wp-json\/wp\/v2\/pages\/457\/revisions\/485"}],"wp:attachment":[{"href":"https:\/\/lorini.com.br\/index.php\/wp-json\/wp\/v2\/media?parent=457"}],"curies":[{"name":"wp","href":"https:\/\/api.w.org\/{rel}","templated":true}]}}